{"id":4253,"date":"2022-01-05T14:15:15","date_gmt":"2022-01-05T14:15:15","guid":{"rendered":"https:\/\/ekolgd.com.tr\/valuation-of-company-assets\/"},"modified":"2022-09-02T21:43:05","modified_gmt":"2022-09-02T21:43:05","slug":"valuation-of-company-assets","status":"publish","type":"page","link":"https:\/\/ekolgd.com.tr\/en\/valuation-of-company-assets\/","title":{"rendered":"Valuation of Company Assets"},"content":{"rendered":"\t\t<div data-elementor-type=\"wp-page\" data-elementor-id=\"4253\" class=\"elementor elementor-4253 elementor-424\" data-elementor-settings=\"{&quot;ha_cmc_init_switcher&quot;:&quot;no&quot;}\">\n\t\t\t\t\t\t<section class=\"elementor-section elementor-top-section elementor-element elementor-element-93afcb5 elementor-section-height-min-height elementor-section-boxed elementor-section-height-default elementor-section-items-middle\" data-id=\"93afcb5\" data-element_type=\"section\" data-settings=\"{&quot;background_background&quot;:&quot;classic&quot;,&quot;_ha_eqh_enable&quot;:false}\">\n\t\t\t\t\t\t\t<div class=\"elementor-background-overlay\"><\/div>\n\t\t\t\t\t\t\t<div class=\"elementor-container elementor-column-gap-default\">\n\t\t\t\t\t<div class=\"elementor-column elementor-col-100 elementor-top-column elementor-element elementor-element-ce9cc03\" data-id=\"ce9cc03\" data-element_type=\"column\">\n\t\t\t<div class=\"elementor-widget-wrap elementor-element-populated\">\n\t\t\t\t\t\t<div class=\"elementor-element elementor-element-2e31b4e elementor-widget elementor-widget-heading\" data-id=\"2e31b4e\" data-element_type=\"widget\" data-widget_type=\"heading.default\">\n\t\t\t\t<div class=\"elementor-widget-container\">\n\t\t\t\t\t<p class=\"elementor-heading-title elementor-size-default\">Valuation of Company Assets<\/p>\t\t\t\t<\/div>\n\t\t\t\t<\/div>\n\t\t\t\t\t<\/div>\n\t\t<\/div>\n\t\t\t\t\t<\/div>\n\t\t<\/section>\n\t\t\t\t<section class=\"elementor-section elementor-top-section elementor-element elementor-element-be37529 elementor-section-boxed elementor-section-height-default elementor-section-height-default\" data-id=\"be37529\" data-element_type=\"section\" data-settings=\"{&quot;_ha_eqh_enable&quot;:false}\">\n\t\t\t\t\t\t<div class=\"elementor-container elementor-column-gap-default\">\n\t\t\t\t\t<div class=\"elementor-column elementor-col-100 elementor-top-column elementor-element elementor-element-ff3fdb4\" data-id=\"ff3fdb4\" data-element_type=\"column\">\n\t\t\t<div class=\"elementor-widget-wrap elementor-element-populated\">\n\t\t\t\t\t\t<div class=\"elementor-element elementor-element-63475a4 elementor-widget elementor-widget-image\" data-id=\"63475a4\" data-element_type=\"widget\" data-widget_type=\"image.default\">\n\t\t\t\t<div class=\"elementor-widget-container\">\n\t\t\t\t\t\t\t\t\t\t\t\t\t\t\t<img fetchpriority=\"high\" decoding=\"async\" width=\"500\" height=\"280\" src=\"https:\/\/ekolgd.com.tr\/wp-content\/uploads\/2022\/08\/sirket-aktiflerinin-degerlenmesi-1.jpg\" class=\"attachment-full size-full wp-image-2327\" alt=\"\" srcset=\"https:\/\/ekolgd.com.tr\/wp-content\/uploads\/2022\/08\/sirket-aktiflerinin-degerlenmesi-1.jpg 500w, https:\/\/ekolgd.com.tr\/wp-content\/uploads\/2022\/08\/sirket-aktiflerinin-degerlenmesi-1-300x168.jpg 300w\" sizes=\"(max-width: 500px) 100vw, 500px\" \/>\t\t\t\t\t\t\t\t\t\t\t\t\t\t\t<\/div>\n\t\t\t\t<\/div>\n\t\t\t\t<div class=\"elementor-element elementor-element-45d769c elementor-widget elementor-widget-heading\" data-id=\"45d769c\" data-element_type=\"widget\" data-widget_type=\"heading.default\">\n\t\t\t\t<div class=\"elementor-widget-container\">\n\t\t\t\t\t<h1 class=\"elementor-heading-title elementor-size-default\">Valuation of Company Assets<\/h1>\t\t\t\t<\/div>\n\t\t\t\t<\/div>\n\t\t\t\t<div class=\"elementor-element elementor-element-3515dc0 elementor-widget elementor-widget-text-editor\" data-id=\"3515dc0\" data-element_type=\"widget\" data-widget_type=\"text-editor.default\">\n\t\t\t\t<div class=\"elementor-widget-container\">\n\t\t\t\t\t\t\t\t\t<p>The Turkish Accounting Standards Board was established with an additional article added to the Capital Markets Law No. 2449 with the Law No. 4487 in our country. Capital Market Accounting Standards Communiqu\u00e9 Serial XI, 25 was published in December 2003.<\/p><p>From 01.01.2005, some organizations have started to use international accounting and financial reporting standards simultaneously with EU countries. After 01.01.2005, accounting records will be made in accordance with the norms of international accounting standards, and internal audits and independent audits will be within the scope of international auditing standards. After these norms are reached, company valuation studies will also be carried out using internationally accepted methods. These methods are; Free cash flow method to the firm, Free cash flow method to equity, Net asset value method, Additional return value method, Dividend discounting method, Relative valuation method, Economic value added method, Cash flow profitability method of investment.<\/p>< p>When applying accounting, financial audit, financial reporting and company valuation methods and standards, there will be a need for valuation of fixed assets in company assets within the scope of international standards. In other words, professional disciplines have become complementary to each other.<\/p><p>The real estate valuation profession is also a complement to accounting, financial auditing, financial reporting and company valuation professions.<\/p><p>Ekol Gayrimenkul De\u011ferleme ve Dan\u0131\u015fmanl\u0131k A.\u015e. ., with its human resources and partners, carries out the real estate and machinery valuation in the assets of the companies in order to be used in studies on accounting, financial auditing, financial reporting and company valuation, in accordance with the international standards of the real estate valuation profession.<\/p>\t\t\t\t\t\t\t\t<\/div>\n\t\t\t\t<\/div>\n\t\t\t\t\t<\/div>\n\t\t<\/div>\n\t\t\t\t\t<\/div>\n\t\t<\/section>\n\t\t\t\t<\/div>\n\t\t","protected":false},"excerpt":{"rendered":"<p>Valuation of Company Assets Valuation of Company Assets The Turkish Accounting Standards Board was established with an additional article added to the Capital Markets Law No. 2449 with the Law No. 4487 in our country. Capital Market Accounting Standards Communiqu\u00e9 Serial XI, 25 was published in December 2003. From 01.01.2005, some organizations have started to [&hellip;]<\/p>\n","protected":false},"author":1,"featured_media":0,"parent":0,"menu_order":0,"comment_status":"closed","ping_status":"closed","template":"elementor_header_footer","meta":{"_acf_changed":false,"footnotes":""},"class_list":["post-4253","page","type-page","status-publish","hentry"],"acf":[],"_links":{"self":[{"href":"https:\/\/ekolgd.com.tr\/en\/wp-json\/wp\/v2\/pages\/4253","targetHints":{"allow":["GET"]}}],"collection":[{"href":"https:\/\/ekolgd.com.tr\/en\/wp-json\/wp\/v2\/pages"}],"about":[{"href":"https:\/\/ekolgd.com.tr\/en\/wp-json\/wp\/v2\/types\/page"}],"author":[{"embeddable":true,"href":"https:\/\/ekolgd.com.tr\/en\/wp-json\/wp\/v2\/users\/1"}],"replies":[{"embeddable":true,"href":"https:\/\/ekolgd.com.tr\/en\/wp-json\/wp\/v2\/comments?post=4253"}],"version-history":[{"count":0,"href":"https:\/\/ekolgd.com.tr\/en\/wp-json\/wp\/v2\/pages\/4253\/revisions"}],"wp:attachment":[{"href":"https:\/\/ekolgd.com.tr\/en\/wp-json\/wp\/v2\/media?parent=4253"}],"curies":[{"name":"wp","href":"https:\/\/api.w.org\/{rel}","templated":true}]}}