{"id":4251,"date":"2022-01-05T17:16:49","date_gmt":"2022-01-05T17:16:49","guid":{"rendered":"https:\/\/ekolgd.com.tr\/goodwill-study\/"},"modified":"2022-09-02T21:43:18","modified_gmt":"2022-09-02T21:43:18","slug":"goodwill-study","status":"publish","type":"page","link":"https:\/\/ekolgd.com.tr\/en\/goodwill-study\/","title":{"rendered":"Goodwill Study"},"content":{"rendered":"\t\t<div data-elementor-type=\"wp-page\" data-elementor-id=\"4251\" class=\"elementor elementor-4251 elementor-551\" data-elementor-settings=\"{&quot;ha_cmc_init_switcher&quot;:&quot;no&quot;}\">\n\t\t\t\t\t\t<section class=\"elementor-section elementor-top-section elementor-element elementor-element-09a5cbf elementor-section-height-min-height elementor-section-boxed elementor-section-height-default elementor-section-items-middle\" data-id=\"09a5cbf\" data-element_type=\"section\" data-settings=\"{&quot;background_background&quot;:&quot;classic&quot;,&quot;_ha_eqh_enable&quot;:false}\">\n\t\t\t\t\t\t\t<div class=\"elementor-background-overlay\"><\/div>\n\t\t\t\t\t\t\t<div class=\"elementor-container elementor-column-gap-default\">\n\t\t\t\t\t<div class=\"elementor-column elementor-col-100 elementor-top-column elementor-element elementor-element-1d5b2a1\" data-id=\"1d5b2a1\" data-element_type=\"column\">\n\t\t\t<div class=\"elementor-widget-wrap elementor-element-populated\">\n\t\t\t\t\t\t<div class=\"elementor-element elementor-element-65abd6e elementor-widget elementor-widget-heading\" data-id=\"65abd6e\" data-element_type=\"widget\" data-widget_type=\"heading.default\">\n\t\t\t\t<div class=\"elementor-widget-container\">\n\t\t\t\t\t<p class=\"elementor-heading-title elementor-size-default\">Goodwill Study<\/p>\t\t\t\t<\/div>\n\t\t\t\t<\/div>\n\t\t\t\t\t<\/div>\n\t\t<\/div>\n\t\t\t\t\t<\/div>\n\t\t<\/section>\n\t\t\t\t<section class=\"elementor-section elementor-top-section elementor-element elementor-element-d57d330 elementor-section-boxed elementor-section-height-default elementor-section-height-default\" data-id=\"d57d330\" data-element_type=\"section\" data-settings=\"{&quot;_ha_eqh_enable&quot;:false}\">\n\t\t\t\t\t\t<div class=\"elementor-container elementor-column-gap-default\">\n\t\t\t\t\t<div class=\"elementor-column elementor-col-100 elementor-top-column elementor-element elementor-element-7afcacf\" data-id=\"7afcacf\" data-element_type=\"column\">\n\t\t\t<div class=\"elementor-widget-wrap elementor-element-populated\">\n\t\t\t\t\t\t<div class=\"elementor-element elementor-element-bd6ea22 elementor-widget elementor-widget-image\" data-id=\"bd6ea22\" data-element_type=\"widget\" data-widget_type=\"image.default\">\n\t\t\t\t<div class=\"elementor-widget-container\">\n\t\t\t\t\t\t\t\t\t\t\t\t\t\t\t<img fetchpriority=\"high\" decoding=\"async\" width=\"500\" height=\"334\" src=\"https:\/\/ekolgd.com.tr\/wp-content\/uploads\/2022\/08\/serefiyelendirme-1.jpg\" class=\"attachment-full size-full wp-image-2326\" alt=\"\" srcset=\"https:\/\/ekolgd.com.tr\/wp-content\/uploads\/2022\/08\/serefiyelendirme-1.jpg 500w, https:\/\/ekolgd.com.tr\/wp-content\/uploads\/2022\/08\/serefiyelendirme-1-300x200.jpg 300w\" sizes=\"(max-width: 500px) 100vw, 500px\" \/>\t\t\t\t\t\t\t\t\t\t\t\t\t\t\t<\/div>\n\t\t\t\t<\/div>\n\t\t\t\t<div class=\"elementor-element elementor-element-5790d54 elementor-widget elementor-widget-heading\" data-id=\"5790d54\" data-element_type=\"widget\" data-widget_type=\"heading.default\">\n\t\t\t\t<div class=\"elementor-widget-container\">\n\t\t\t\t\t<h1 class=\"elementor-heading-title elementor-size-default\">Goodwill Study<\/h1>\t\t\t\t<\/div>\n\t\t\t\t<\/div>\n\t\t\t\t<div class=\"elementor-element elementor-element-3d76fd4 elementor-widget elementor-widget-text-editor\" data-id=\"3d76fd4\" data-element_type=\"widget\" data-widget_type=\"text-editor.default\">\n\t\t\t\t<div class=\"elementor-widget-container\">\n\t\t\t\t\t\t\t\t\t<p>The concept of goodwill is used in different meanings in various professions. This concept is;<\/p>\n<div class=\"widget widget_links\">\n<ul>\n<li>\n<div>In Accounting,<\/div>\n<\/li>\n<li>\n<div>In Business Economics,<\/div>\n<\/li>\n<li>\n<div>Tax Laws,<\/div>\n<\/li>\n<li>\n<div>Laws of Urban Return,<\/div>\n<\/li>\n<li>\n<div>Housing Cooperatives,<\/div>\n<\/li>\n<li>\n<div>Real Estate Valuation,<\/div>\n<\/li>\n<li>\n<div>Government Investments,<\/div>\n<\/li>\n<\/ul>\n<\/div>\n<p>It is frequently used.<\/p>\n<p>Goodwill in Real Estate Valuation: It is the difference in value between independent sections in the same project, on the same parcel or in the same building, depending on user preferences arising from physical, natural and functional conditions.<\/p>\n<p>Preference intensities of potential users differentiate the values of the real estates located in the same project, on the same parcel or in the same building, even if the cost values, interior arrangement and sizes are the same.<\/p>\n<p>Expected from goodwill studies; It is to determine the potential customers, to analyze, to determine their tastes and preferences, and to scientifically determine the price difference that will be created in the project by measuring the severity of these tastes and preferences.<\/p>\n<p>There are many objective and subjective parameters that can affect the value of a real estate. The number of these parameters may vary according to the type of the project and the social, economic and cultural backgrounds of the users.<\/p>\n<p>This study covers sociology, culturology, psychology, economy, law\u2026etc. It is a difficult process.<\/p>\n<p>Ekol Gayrimenkul De\u011ferleme ve Dan\u0131\u015fmanl\u0131k A.\u015e does the goodwill of your projects with scientific methods and with minimum deviations with the work of a committee;<\/p>\n<div class=\"widget widget_links clearfix\">\n<ul>\n<li>\n<div>Determining the legal value of business assets,<\/div>\n<\/li>\n<li>\n<div>Accurate analysis of the value of your business<\/div>\n<\/li>\n<li>\n<div>Assignment and accrual the correct determination of the tax to be paid,<\/div>\n<\/li>\n<li>\n<div>Providing justice among the participants in the Urban Transformation,<\/div>\n<\/li>\n<li>\n<div>Providing justice among the cooperative members in the Housing Cooperatives,<\/div><\/li>\n<li>\n<div>Benefit from Government Investments and share of participants <span style=\"font-size: 1rem;\"> ensures that the investor&#8217;s loss of turnover is prevented and user satisfaction is maximized in Real Estate Projects.<\/span><\/div>\n<\/li>\n<\/ul>\n<\/div>\t\t\t\t\t\t\t\t<\/div>\n\t\t\t\t<\/div>\n\t\t\t\t\t<\/div>\n\t\t<\/div>\n\t\t\t\t\t<\/div>\n\t\t<\/section>\n\t\t\t\t<\/div>\n\t\t","protected":false},"excerpt":{"rendered":"<p>Goodwill Study Goodwill Study The concept of goodwill is used in different meanings in various professions. This concept is; In Accounting, In Business Economics, Tax Laws, Laws of Urban Return, Housing Cooperatives, Real Estate Valuation, Government Investments, It is frequently used. Goodwill in Real Estate Valuation: It is the difference in value between independent sections [&hellip;]<\/p>\n","protected":false},"author":1,"featured_media":0,"parent":0,"menu_order":0,"comment_status":"closed","ping_status":"closed","template":"elementor_header_footer","meta":{"_acf_changed":false,"footnotes":""},"class_list":["post-4251","page","type-page","status-publish","hentry"],"acf":[],"_links":{"self":[{"href":"https:\/\/ekolgd.com.tr\/en\/wp-json\/wp\/v2\/pages\/4251","targetHints":{"allow":["GET"]}}],"collection":[{"href":"https:\/\/ekolgd.com.tr\/en\/wp-json\/wp\/v2\/pages"}],"about":[{"href":"https:\/\/ekolgd.com.tr\/en\/wp-json\/wp\/v2\/types\/page"}],"author":[{"embeddable":true,"href":"https:\/\/ekolgd.com.tr\/en\/wp-json\/wp\/v2\/users\/1"}],"replies":[{"embeddable":true,"href":"https:\/\/ekolgd.com.tr\/en\/wp-json\/wp\/v2\/comments?post=4251"}],"version-history":[{"count":0,"href":"https:\/\/ekolgd.com.tr\/en\/wp-json\/wp\/v2\/pages\/4251\/revisions"}],"wp:attachment":[{"href":"https:\/\/ekolgd.com.tr\/en\/wp-json\/wp\/v2\/media?parent=4251"}],"curies":[{"name":"wp","href":"https:\/\/api.w.org\/{rel}","templated":true}]}}