{"id":4239,"date":"2022-01-05T16:36:41","date_gmt":"2022-01-05T16:36:41","guid":{"rendered":"https:\/\/ekolgd.com.tr\/urban-transformation\/"},"modified":"2022-09-02T19:23:34","modified_gmt":"2022-09-02T19:23:34","slug":"urban-transformation","status":"publish","type":"page","link":"https:\/\/ekolgd.com.tr\/en\/urban-transformation\/","title":{"rendered":"Urban transformation"},"content":{"rendered":"\t\t<div data-elementor-type=\"wp-page\" data-elementor-id=\"4239\" class=\"elementor elementor-4239 elementor-515\" data-elementor-settings=\"{&quot;ha_cmc_init_switcher&quot;:&quot;no&quot;}\">\n\t\t\t\t\t\t<section class=\"elementor-section elementor-top-section elementor-element elementor-element-962cd5f elementor-section-height-min-height elementor-section-boxed elementor-section-height-default elementor-section-items-middle\" data-id=\"962cd5f\" data-element_type=\"section\" data-settings=\"{&quot;background_background&quot;:&quot;classic&quot;,&quot;_ha_eqh_enable&quot;:false}\">\n\t\t\t\t\t\t\t<div class=\"elementor-background-overlay\"><\/div>\n\t\t\t\t\t\t\t<div class=\"elementor-container elementor-column-gap-default\">\n\t\t\t\t\t<div class=\"elementor-column elementor-col-100 elementor-top-column elementor-element elementor-element-365e0b7\" data-id=\"365e0b7\" data-element_type=\"column\">\n\t\t\t<div class=\"elementor-widget-wrap elementor-element-populated\">\n\t\t\t\t\t\t<div class=\"elementor-element elementor-element-cca852d elementor-widget elementor-widget-heading\" data-id=\"cca852d\" data-element_type=\"widget\" data-widget_type=\"heading.default\">\n\t\t\t\t<div class=\"elementor-widget-container\">\n\t\t\t\t\t<p class=\"elementor-heading-title elementor-size-default\">Urban transformation<\/p>\t\t\t\t<\/div>\n\t\t\t\t<\/div>\n\t\t\t\t\t<\/div>\n\t\t<\/div>\n\t\t\t\t\t<\/div>\n\t\t<\/section>\n\t\t\t\t<section class=\"elementor-section elementor-top-section elementor-element elementor-element-f7e253f elementor-section-boxed elementor-section-height-default elementor-section-height-default\" data-id=\"f7e253f\" data-element_type=\"section\" data-settings=\"{&quot;_ha_eqh_enable&quot;:false}\">\n\t\t\t\t\t\t<div class=\"elementor-container elementor-column-gap-default\">\n\t\t\t\t\t<div class=\"elementor-column elementor-col-100 elementor-top-column elementor-element elementor-element-10887ed\" data-id=\"10887ed\" data-element_type=\"column\">\n\t\t\t<div class=\"elementor-widget-wrap elementor-element-populated\">\n\t\t\t\t\t\t<div class=\"elementor-element elementor-element-54cc676 elementor-widget elementor-widget-image\" data-id=\"54cc676\" data-element_type=\"widget\" data-widget_type=\"image.default\">\n\t\t\t\t<div class=\"elementor-widget-container\">\n\t\t\t\t\t\t\t\t\t\t\t\t\t\t\t<img fetchpriority=\"high\" decoding=\"async\" width=\"500\" height=\"334\" src=\"https:\/\/ekolgd.com.tr\/wp-content\/uploads\/2022\/08\/kentsel-donusum-proje-gelistirme-1.jpg\" class=\"attachment-full size-full wp-image-2319\" alt=\"\" srcset=\"https:\/\/ekolgd.com.tr\/wp-content\/uploads\/2022\/08\/kentsel-donusum-proje-gelistirme-1.jpg 500w, https:\/\/ekolgd.com.tr\/wp-content\/uploads\/2022\/08\/kentsel-donusum-proje-gelistirme-1-300x200.jpg 300w\" sizes=\"(max-width: 500px) 100vw, 500px\" \/>\t\t\t\t\t\t\t\t\t\t\t\t\t\t\t<\/div>\n\t\t\t\t<\/div>\n\t\t\t\t<div class=\"elementor-element elementor-element-305a51e elementor-tabs-view-horizontal elementor-widget elementor-widget-tabs\" data-id=\"305a51e\" data-element_type=\"widget\" data-widget_type=\"tabs.default\">\n\t\t\t\t<div class=\"elementor-widget-container\">\n\t\t\t\t\t\t\t<div class=\"elementor-tabs\">\n\t\t\t<div class=\"elementor-tabs-wrapper\" role=\"tablist\" >\n\t\t\t\t\t\t\t\t\t<div id=\"elementor-tab-title-5071\" class=\"elementor-tab-title elementor-tab-desktop-title\" aria-selected=\"true\" data-tab=\"1\" role=\"tab\" tabindex=\"0\" aria-controls=\"elementor-tab-content-5071\" aria-expanded=\"false\">Ekol A.\u015e.'s Appraisal Authority in Urban Transformation<\/div>\n\t\t\t\t\t\t\t\t\t<div id=\"elementor-tab-title-5072\" class=\"elementor-tab-title elementor-tab-desktop-title\" aria-selected=\"false\" data-tab=\"2\" role=\"tab\" tabindex=\"-1\" aria-controls=\"elementor-tab-content-5072\" aria-expanded=\"false\">Ekol A.\u015e. Valuation Scope of Urban Regeneration<\/div>\n\t\t\t\t\t\t\t\t\t<div id=\"elementor-tab-title-5073\" class=\"elementor-tab-title elementor-tab-desktop-title\" aria-selected=\"false\" data-tab=\"3\" role=\"tab\" tabindex=\"-1\" aria-controls=\"elementor-tab-content-5073\" aria-expanded=\"false\">Ekol A.\u015e Types of Urban Transformation Consultancy<\/div>\n\t\t\t\t\t\t\t<\/div>\n\t\t\t<div class=\"elementor-tabs-content-wrapper\" role=\"tablist\" aria-orientation=\"vertical\">\n\t\t\t\t\t\t\t\t\t<div class=\"elementor-tab-title elementor-tab-mobile-title\" aria-selected=\"true\" data-tab=\"1\" role=\"tab\" tabindex=\"0\" aria-controls=\"elementor-tab-content-5071\" aria-expanded=\"false\">Ekol A.\u015e.'s Appraisal Authority in Urban Transformation<\/div>\n\t\t\t\t\t<div id=\"elementor-tab-content-5071\" class=\"elementor-tab-content elementor-clearfix\" data-tab=\"1\" role=\"tabpanel\" aria-labelledby=\"elementor-tab-title-5071\" tabindex=\"0\" hidden=\"false\"><p>1- Communiqu\u00e9 Serial VIII, No:35, based on the Capital Markets Law No. 6362; Communiqu\u00e9 on the Principles Regarding the Companies to Provide Real Estate Valuation Services within the Framework of the Capital Markets and the Listing of These Companies by the Board. Ekol Real Estate Appraisal and Consultancy Inc. was included in the list of Valuation Institutions of the CMB on 17.03.2005 within the scope of this communiqu\u00e9.<\/p><p>2- Municipal Law No. 5393 ARTICLE 73.- Urban transformation and development area The municipality was established in accordance with the development of the city. rebuilding and restoring aging parts of the city; It can implement urban transformation and development projects in order to create housing areas, industrial and commercial areas, technology parks and social facilities, to take measures against earthquake risk or to protect the historical and cultural texture of the city. While using this authority, it has CMB List companies make property determination and valuation. Ekol Real Estate Appraisal and Consultancy Inc. provides valuation services in the projects of Municipalities for Urban Regeneration.<\/p><p>3- Law No. 6306 on Transformation of Areas Under Disaster Risk ARTICLE 6\/7 Paragraph of the immovables that are subject to transformation within the framework of this Law, and the dilapidated structures on them. The valuation of the immovables to be formed by transformation and the valuation of the immovables to be formed with the conversion, including the contents, are made or made by the Ministry. :RG-2\/7\/2013-28695) Determination of the value of the immovables: (1) The relevant institution makes or has a map or sketch made showing the border, surface area and type of the immovables in the application area and determines the owners of these immovables and their addresses or have them made. (2) The value of the immovable; It is determined by valuation commissions, which will be composed of at least three people from the relevant institution, or by purchasing services. (3) The value of the immovable; It is determined in accordance with the principles in Article 11 of the Expropriation Law No. 2942 dated 4\/11\/1983, by obtaining information from persons, institutions or organizations specialized in real estate valuation and by making use of the information to be obtained from the real estate buying and selling offices of the locality. Ekol Real Estate Appraisal and Consultancy Inc. provides Urban Transformation Valuation Service within the scope of Law No. 6306. It makes the valuation in two stages, narrow-scoped and broad-scoped. Phase One; At the presentation stage of the Risk Assessment report to the Ministry, Second Phase: License obtained after demolition and during the project stage, Ekol Gayrimenkul De\u011ferleme ve Dan\u0131\u015fmanl\u0131k A\u015e also provides distribution value determination coefficient determination service at the beginning of the Urban Transformation activity.<\/p><p>ARTICLE 12 \u2013(Amended) :RG-2\/7\/2013-28695) Determination of the value of the immovables: (1) The relevant institution makes or has a map or sketch made showing the border, surface area and type of the immovables in the application area and determines the owners of these immovables and their addresses or have them made. (2) The value of the immovable; It is determined by valuation commissions, which will be composed of at least three people from the relevant institution, or by purchasing services. (3) The value of the immovable; It is determined in accordance with the principles in Article 11 of the Expropriation Law No. 2942 dated 4\/11\/1983, by obtaining information from persons, institutions or organizations specialized in real estate valuation and by making use of the information to be obtained from the real estate buying and selling offices of the locality. Ekol Real Estate Appraisal and Consultancy Inc. provides Urban Transformation Valuation Service within the scope of Law No. 6306. It makes the valuation in two stages, narrow-scoped and broad-scoped. Phase One; At the presentation stage of the Risk Assessment report to the Ministry, Second Phase: At the license and project stage, which was approved after the demolition process<\/p><p>Ekol Gayrimenkul De\u011ferleme ve Dan\u0131\u015fmanl\u0131k A\u015e also provides distribution value determination coefficient determination service at the beginning of the Urban Transformation activity.<\/p><\/div>\n\t\t\t\t\t\t\t\t\t<div class=\"elementor-tab-title elementor-tab-mobile-title\" aria-selected=\"false\" data-tab=\"2\" role=\"tab\" tabindex=\"-1\" aria-controls=\"elementor-tab-content-5072\" aria-expanded=\"false\">Ekol A.\u015e. Valuation Scope of Urban Regeneration<\/div>\n\t\t\t\t\t<div id=\"elementor-tab-content-5072\" class=\"elementor-tab-content elementor-clearfix\" data-tab=\"2\" role=\"tabpanel\" aria-labelledby=\"elementor-tab-title-5072\" tabindex=\"0\" hidden=\"hidden\"><p>Ekol Gayrimenkul De\u011ferleme ve Dan\u0131\u015fmanl\u0131k A\u015e carries out Urban Transformation Valuation under 12 main headings. Within the Scope of Risky Area or Risky Building Projects,<\/p><p>1. Determination of right ownership and preparation of data for real estate valuation<\/p><p>2. Determining the legal and current state value of the real estate, determining the participant values \u200b\u200band preparing the valuation reports,<\/p><p>3. Determining the usage types of the parcel to be made vacant and making suggestions for the most efficient and efficient use according to the zoning and construction conditions,<\/p><p>4. Determining and reporting the Empty Search Value,<\/p><p>5. Determination and Reporting of the preliminary project value<\/p><p>6. Determining the conversion model, determining the distribution value determination coefficient,<\/p><p>7. Determination and reporting of distribution values \u200b\u200bof right holders<\/p><p>8. Conducting reconciliation process studies between the right holders and the investor,<\/p><p>9. Providing consultancy for the preparation and signing of the Protocol between the right holders and the investor<\/p><p>10. Transfer of all data and process to geographic information system environment<\/p><p>11. Consultancy for the development of the consensus sharing model and the realization of the negotiations with the right holders<\/p><p>All spatial data and analysis stages, transfer to the &#8220;geographic information systems (GIS)&#8221; environment,<\/p><\/div>\n\t\t\t\t\t\t\t\t\t<div class=\"elementor-tab-title elementor-tab-mobile-title\" aria-selected=\"false\" data-tab=\"3\" role=\"tab\" tabindex=\"-1\" aria-controls=\"elementor-tab-content-5073\" aria-expanded=\"false\">Ekol A.\u015e Types of Urban Transformation Consultancy<\/div>\n\t\t\t\t\t<div id=\"elementor-tab-content-5073\" class=\"elementor-tab-content elementor-clearfix\" data-tab=\"3\" role=\"tabpanel\" aria-labelledby=\"elementor-tab-title-5073\" tabindex=\"0\" hidden=\"hidden\"><p><strong>Urban Transformation Risky Building Consultancy<\/strong><\/p><p>Ekol Real Estate Appraisal and Consultancy Inc. provides consultancy services for urban transformation risky building analysis with contracted institutions and organizations.<\/p><p>< strong>Urban Transformation Risky Areas Consultancy<\/strong><\/p><p>Ekol Gayrimenkul De\u011ferleme ve Dan\u0131\u015fmanl\u0131k A\u015e provides consultancy services for the analysis of urban transformation risky Areas with contracted persons, institutions and organizations.<\/p><p><strong> Urban Transformation Reserve Building Areas Consultancy<\/strong><\/p><p>Ekol Real Estate Appraisal and Consultancy Inc. provides consultancy services with contracted persons, institutions and organizations on urban transformation Reserve Building Areas.<\/p><p><strong> Urban Transformation Property Rights Analysis and Determination Consultancy<\/strong><\/p><p>Ekol Gayrimenkul De\u011ferleme ve Dan\u0131\u015fmanl\u0131k A\u015e provides consultancy services on Analysis and Determination of Property Rights with its expert human resources.<\/p><p><strong. >Urban Return \u00dcr\u00fcm Current Situation Analysis Consultancy<\/strong><\/p><p>Ekol Gayrimenkul De\u011ferleme ve Dan\u0131\u015fmanl\u0131k A\u015e provides consultancy services on Region, Neighborhood, Site, Island, Parcel, Building Based Current Situation Analysis with its expert human resources.<\/strong><\/p><p> p><p><strong>Urban Transformation Feasibility Reports Consultancy<\/strong><\/p><p>Ekol Real Estate Appraisal and Consultancy Inc., with its expert human resources, provides consultancy on preparing Feasibility Reports, examining, analyzing and supervising the preparation feasibility reports. <\/p><p><strong>Urban Transformation Most Effective and Efficient Use Consultancy<\/strong><\/p><p>Ekol Real Estate Appraisal and Consultancy Inc., with its expert human resources, is the most effective and efficient use of the area subject to transformation. It provides consultancy services on making the Efficient Use analysis and ensuring that the most optimum project is implemented according to the current and current zoning situation.<\/p><p><strong>Urban Transformation Loans Consultancy<\/strong><\/p><p>Ekol Gayrimenkul D Ifleme ve Dan\u0131\u015fmanl\u0131k A\u015e provides Urban Transformation Loans Consultancy service by directing it to the contracted banks. The Distribution of Interest Support Provided to Urban Transformation Loans Used from Banks as of 19.12.2014 is given below. As of 19.12.2014; T.C. to be used in applications to be made within the scope of Law No. 6306. The distribution table of the interest support provided by the Ministry for loans obtained from banks that signed protocols with the Ministry of Environment and Urbanization is shown below.<\/p><p><strong>Urban Transformation Finance Consultancy<\/strong><\/p><p>Ekol Gayrimenkul De\u011ferleme ve Dan\u0131\u015fmanl\u0131k A\u015e provides consultancy services for investor procurement, finding project financiers and project financing.<\/p><p><strong>Urban Transformation Meeting Management and Organization Consultancy<\/strong><\/p><p>Ekol Gayrimenkul De\u011ferleme ve Dan\u0131\u015fmanl\u0131k A\u015e Provides consultancy services with contracted persons, institutions and organizations on Urban Transformation Meeting Management and Organization.<\/p><p><strong>Urban Transformation Agreement and Reconciliation Consultancy<\/strong><\/p><p>Ekol Real Estate Appraisal and Consultancy A\u015e provides Urban Transformation Agreement and Reconciliation consultancy with the people, institutions and organizations that it has contracted with for the issues that arise between the shareholders and investors, contractors, financiers and other actors. ir.<\/p><p><strong>Urban Transformation Legal Consultancy<\/strong><\/p><p>Ekol Real Estate Appraisal and Consultancy Inc. with its contracted law offices, legislation experts and Urban Transformation Legal provides consultancy services. Urban Transformation CAD, GIS and Current Maps Consultancy Ekol Gayrimenkul De\u011ferleme ve Dan\u0131\u015fmanl\u0131k A\u015e provides consultancy services on Urban Transformation CAD, GIS and Current Maps with contracted persons, institutions and organizations.<\/p><\/div>\n\t\t\t\t\t\t\t<\/div>\n\t\t<\/div>\n\t\t\t\t\t\t<\/div>\n\t\t\t\t<\/div>\n\t\t\t\t\t<\/div>\n\t\t<\/div>\n\t\t\t\t\t<\/div>\n\t\t<\/section>\n\t\t\t\t<section class=\"elementor-section elementor-top-section elementor-element elementor-element-c5f20d1 elementor-section-boxed elementor-section-height-default elementor-section-height-default\" data-id=\"c5f20d1\" data-element_type=\"section\" data-settings=\"{&quot;_ha_eqh_enable&quot;:false}\">\n\t\t\t\t\t\t<div class=\"elementor-container elementor-column-gap-default\">\n\t\t\t\t\t<div class=\"elementor-column elementor-col-100 elementor-top-column elementor-element elementor-element-2cd3d6d\" data-id=\"2cd3d6d\" data-element_type=\"column\">\n\t\t\t<div class=\"elementor-widget-wrap elementor-element-populated\">\n\t\t\t\t\t\t<div class=\"elementor-element elementor-element-b27c96b elementor-widget elementor-widget-heading\" data-id=\"b27c96b\" data-element_type=\"widget\" data-widget_type=\"heading.default\">\n\t\t\t\t<div class=\"elementor-widget-container\">\n\t\t\t\t\t<h2 class=\"elementor-heading-title elementor-size-default\">Other Services<\/h2>\t\t\t\t<\/div>\n\t\t\t\t<\/div>\n\t\t\t\t\t<\/div>\n\t\t<\/div>\n\t\t\t\t\t<\/div>\n\t\t<\/section>\n\t\t\t\t<\/div>\n\t\t","protected":false},"excerpt":{"rendered":"<p>Urban transformation Ekol A.\u015e.&#8217;s Appraisal Authority in Urban Transformation Ekol A.\u015e. Valuation Scope of Urban Regeneration Ekol A.\u015e Types of Urban Transformation Consultancy Ekol A.\u015e.&#8217;s Appraisal Authority in Urban Transformation 1- Communiqu\u00e9 Serial VIII, No:35, based on the Capital Markets Law No. 6362; Communiqu\u00e9 on the Principles Regarding the Companies to Provide Real Estate Valuation [&hellip;]<\/p>\n","protected":false},"author":1,"featured_media":0,"parent":0,"menu_order":0,"comment_status":"closed","ping_status":"closed","template":"elementor_header_footer","meta":{"_acf_changed":false,"footnotes":""},"class_list":["post-4239","page","type-page","status-publish","hentry"],"acf":[],"_links":{"self":[{"href":"https:\/\/ekolgd.com.tr\/en\/wp-json\/wp\/v2\/pages\/4239","targetHints":{"allow":["GET"]}}],"collection":[{"href":"https:\/\/ekolgd.com.tr\/en\/wp-json\/wp\/v2\/pages"}],"about":[{"href":"https:\/\/ekolgd.com.tr\/en\/wp-json\/wp\/v2\/types\/page"}],"author":[{"embeddable":true,"href":"https:\/\/ekolgd.com.tr\/en\/wp-json\/wp\/v2\/users\/1"}],"replies":[{"embeddable":true,"href":"https:\/\/ekolgd.com.tr\/en\/wp-json\/wp\/v2\/comments?post=4239"}],"version-history":[{"count":0,"href":"https:\/\/ekolgd.com.tr\/en\/wp-json\/wp\/v2\/pages\/4239\/revisions"}],"wp:attachment":[{"href":"https:\/\/ekolgd.com.tr\/en\/wp-json\/wp\/v2\/media?parent=4239"}],"curies":[{"name":"wp","href":"https:\/\/api.w.org\/{rel}","templated":true}]}}