{"id":4170,"date":"2022-01-14T00:14:23","date_gmt":"2022-01-14T00:14:23","guid":{"rendered":"https:\/\/ekolgd.com.tr\/gokhan-cebi\/"},"modified":"2022-09-02T18:23:12","modified_gmt":"2022-09-02T18:23:12","slug":"gokhan-cebi","status":"publish","type":"page","link":"https:\/\/ekolgd.com.tr\/en\/gokhan-cebi\/","title":{"rendered":"G\u00f6khan \u00c7ebi"},"content":{"rendered":"\t\t<div data-elementor-type=\"wp-page\" data-elementor-id=\"4170\" class=\"elementor elementor-4170 elementor-1446\" data-elementor-settings=\"{&quot;ha_cmc_init_switcher&quot;:&quot;no&quot;}\">\n\t\t\t\t\t\t<section class=\"elementor-section elementor-top-section elementor-element elementor-element-6a548e1 elementor-section-height-min-height elementor-section-boxed elementor-section-height-default elementor-section-items-middle\" data-id=\"6a548e1\" data-element_type=\"section\" data-settings=\"{&quot;background_background&quot;:&quot;classic&quot;,&quot;_ha_eqh_enable&quot;:false}\">\n\t\t\t\t\t\t\t<div class=\"elementor-background-overlay\"><\/div>\n\t\t\t\t\t\t\t<div class=\"elementor-container elementor-column-gap-default\">\n\t\t\t\t\t<div class=\"elementor-column elementor-col-100 elementor-top-column elementor-element elementor-element-b365e55\" data-id=\"b365e55\" data-element_type=\"column\">\n\t\t\t<div class=\"elementor-widget-wrap elementor-element-populated\">\n\t\t\t\t\t\t<div class=\"elementor-element elementor-element-18605f8 elementor-widget elementor-widget-heading\" data-id=\"18605f8\" data-element_type=\"widget\" data-widget_type=\"heading.default\">\n\t\t\t\t<div class=\"elementor-widget-container\">\n\t\t\t\t\t<p class=\"elementor-heading-title elementor-size-default\">G\u00d6KHAN \u00c7EB\u0130<\/p>\t\t\t\t<\/div>\n\t\t\t\t<\/div>\n\t\t\t\t\t<\/div>\n\t\t<\/div>\n\t\t\t\t\t<\/div>\n\t\t<\/section>\n\t\t\t\t<section class=\"elementor-section elementor-top-section elementor-element elementor-element-ae76f55 elementor-section-boxed elementor-section-height-default elementor-section-height-default\" data-id=\"ae76f55\" data-element_type=\"section\" data-settings=\"{&quot;_ha_eqh_enable&quot;:false}\">\n\t\t\t\t\t\t<div class=\"elementor-container elementor-column-gap-default\">\n\t\t\t\t\t<div class=\"elementor-column elementor-col-100 elementor-top-column elementor-element elementor-element-f80d5d5\" data-id=\"f80d5d5\" data-element_type=\"column\">\n\t\t\t<div class=\"elementor-widget-wrap elementor-element-populated\">\n\t\t\t\t\t\t<section class=\"elementor-section elementor-inner-section elementor-element elementor-element-55b2747 elementor-section-boxed elementor-section-height-default elementor-section-height-default\" data-id=\"55b2747\" data-element_type=\"section\" data-settings=\"{&quot;_ha_eqh_enable&quot;:false}\">\n\t\t\t\t\t\t<div class=\"elementor-container elementor-column-gap-default\">\n\t\t\t\t\t<div class=\"elementor-column elementor-col-50 elementor-inner-column elementor-element elementor-element-26cb1f6\" data-id=\"26cb1f6\" data-element_type=\"column\">\n\t\t\t<div class=\"elementor-widget-wrap elementor-element-populated\">\n\t\t\t\t\t\t<div class=\"elementor-element elementor-element-a0d457a ha-has-bg-overlay elementor-widget elementor-widget-ha-member happy-addon ha-member\" data-id=\"a0d457a\" data-element_type=\"widget\" data-widget_type=\"ha-member.default\">\n\t\t\t\t<div class=\"elementor-widget-container\">\n\t\t\t\t\t\n\t\t\t\t\t<figure class=\"ha-member-figure\">\n\t\t\t\t<img fetchpriority=\"high\" decoding=\"async\" width=\"300\" height=\"300\" src=\"https:\/\/ekolgd.com.tr\/wp-content\/uploads\/2022\/01\/gokhan-cebi-fotograf.jpg\" class=\"elementor-animation-disable-animation attachment-large size-large wp-image-333\" alt=\"\" srcset=\"https:\/\/ekolgd.com.tr\/wp-content\/uploads\/2022\/01\/gokhan-cebi-fotograf.jpg 300w, https:\/\/ekolgd.com.tr\/wp-content\/uploads\/2022\/01\/gokhan-cebi-fotograf-150x150.jpg 150w\" sizes=\"(max-width: 300px) 100vw, 300px\" \/>\t\t\t<\/figure>\n\t\t\n\t\t<div class=\"ha-member-body\">\n\t\t\t<h2 class=\"ha-member-name\">G\u00f6khan \u00c7ebi<\/h2>\n\t\t\t\t\t\t\t<div class=\"ha-member-position\">Board Member<\/div>\n\t\t\t\n\t\t\t\n\t\t\t\n\t\t\t\n\t\t\t\t\t<\/div>\n\t\t\t\t\t\t<\/div>\n\t\t\t\t<\/div>\n\t\t\t\t\t<\/div>\n\t\t<\/div>\n\t\t\t\t<div class=\"elementor-column elementor-col-50 elementor-inner-column elementor-element elementor-element-32db78b\" data-id=\"32db78b\" data-element_type=\"column\">\n\t\t\t<div class=\"elementor-widget-wrap elementor-element-populated\">\n\t\t\t\t\t\t<div class=\"elementor-element elementor-element-c147ece elementor-widget elementor-widget-text-editor\" data-id=\"c147ece\" data-element_type=\"widget\" data-widget_type=\"text-editor.default\">\n\t\t\t\t<div class=\"elementor-widget-container\">\n\t\t\t\t\t\t\t\t\tHe was born in Arakl\u0131\/Trabzon on 30.10. 1976. After completing his primary and secondary education in Tirebolu-Giresun, Arakl\u0131-Trabzon and Of-Trabzon, he studied in Department of Civil Engineering of \u00c7orlu Engineering Faculty in Trakya University between 1993-1997. He began his career in Tuzla biological waste water treatment plant project of Alsim-Alarko Company when he was student. He worked as a trainee-field engineer in the project which was Europe&#8217;s largest biological wastewater treatment plant.\r\n\r\nAfter his graduation in 1997, he worked as a field engineer for a short while in \u00c7iftlik Kent Konut Yap\u0131 Kooperatifi construction which was conducted by Bey-Koop. and consisted of 2500 apartments in B\u00fcy\u00fck\u00e7ekmece Beylikd\u00fcz\u00fc. In 1997, he began to work as an Appraiser in Vak\u0131f Gayrimenkul Ekspertiz ve De\u011ferlendirme A.\u015e. company which is the subsidiary of T\u00fcrkiye Vak\u0131flar Bankas\u0131 T.A.O. He performed quite a large number of adjustments and controls of valuation reports in various private and legal institutions and organizations. From 03.12.2004 to today, he has been carrying on his business life as a Founding Member and Board Member in Ekol Gayrimenkul De\u011ferleme ve Dan\u0131\u015fmanl\u0131k A.\u015e. \u00c7ebi is married and has two children. He is the member of TMMOB Chamber of Civil Engineers, Appraisers Association of Turkey and Trabzonspor as well as having Certificate of Real Estate Appraiser.\t\t\t\t\t\t\t\t<\/div>\n\t\t\t\t<\/div>\n\t\t\t\t\t<\/div>\n\t\t<\/div>\n\t\t\t\t\t<\/div>\n\t\t<\/section>\n\t\t\t\t\t<\/div>\n\t\t<\/div>\n\t\t\t\t\t<\/div>\n\t\t<\/section>\n\t\t\t\t<\/div>\n\t\t","protected":false},"excerpt":{"rendered":"<p>G\u00d6KHAN \u00c7EB\u0130 G\u00f6khan \u00c7ebi Board Member He was born in Arakl\u0131\/Trabzon on 30.10. 1976. After completing his primary and secondary education in Tirebolu-Giresun, Arakl\u0131-Trabzon and Of-Trabzon, he studied in Department of Civil Engineering of \u00c7orlu Engineering Faculty in Trakya University between 1993-1997. He began his career in Tuzla biological waste water treatment plant project of [&hellip;]<\/p>\n","protected":false},"author":1,"featured_media":0,"parent":0,"menu_order":0,"comment_status":"closed","ping_status":"closed","template":"elementor_header_footer","meta":{"_acf_changed":false,"footnotes":""},"class_list":["post-4170","page","type-page","status-publish","hentry"],"acf":[],"_links":{"self":[{"href":"https:\/\/ekolgd.com.tr\/en\/wp-json\/wp\/v2\/pages\/4170","targetHints":{"allow":["GET"]}}],"collection":[{"href":"https:\/\/ekolgd.com.tr\/en\/wp-json\/wp\/v2\/pages"}],"about":[{"href":"https:\/\/ekolgd.com.tr\/en\/wp-json\/wp\/v2\/types\/page"}],"author":[{"embeddable":true,"href":"https:\/\/ekolgd.com.tr\/en\/wp-json\/wp\/v2\/users\/1"}],"replies":[{"embeddable":true,"href":"https:\/\/ekolgd.com.tr\/en\/wp-json\/wp\/v2\/comments?post=4170"}],"version-history":[{"count":0,"href":"https:\/\/ekolgd.com.tr\/en\/wp-json\/wp\/v2\/pages\/4170\/revisions"}],"wp:attachment":[{"href":"https:\/\/ekolgd.com.tr\/en\/wp-json\/wp\/v2\/media?parent=4170"}],"curies":[{"name":"wp","href":"https:\/\/api.w.org\/{rel}","templated":true}]}}