{"id":4162,"date":"2022-01-05T15:34:38","date_gmt":"2022-01-05T15:34:38","guid":{"rendered":"https:\/\/ekolgd.com.tr\/real-estate-legislation-consultancy\/"},"modified":"2022-09-02T21:39:15","modified_gmt":"2022-09-02T21:39:15","slug":"real-estate-legislation-consultancy","status":"publish","type":"page","link":"https:\/\/ekolgd.com.tr\/en\/real-estate-legislation-consultancy\/","title":{"rendered":"Real Estate Legislation Consultancy"},"content":{"rendered":"\t\t<div data-elementor-type=\"wp-page\" data-elementor-id=\"4162\" class=\"elementor elementor-4162 elementor-492\" data-elementor-settings=\"{&quot;ha_cmc_init_switcher&quot;:&quot;no&quot;}\">\n\t\t\t\t\t\t<section class=\"elementor-section elementor-top-section elementor-element elementor-element-eae00e8 elementor-section-height-min-height elementor-section-boxed elementor-section-height-default elementor-section-items-middle\" data-id=\"eae00e8\" data-element_type=\"section\" data-settings=\"{&quot;background_background&quot;:&quot;classic&quot;,&quot;_ha_eqh_enable&quot;:false}\">\n\t\t\t\t\t\t\t<div class=\"elementor-background-overlay\"><\/div>\n\t\t\t\t\t\t\t<div class=\"elementor-container elementor-column-gap-default\">\n\t\t\t\t\t<div class=\"elementor-column elementor-col-100 elementor-top-column elementor-element elementor-element-e93474f\" data-id=\"e93474f\" data-element_type=\"column\">\n\t\t\t<div class=\"elementor-widget-wrap elementor-element-populated\">\n\t\t\t\t\t\t<div class=\"elementor-element elementor-element-5e3c4eb elementor-widget elementor-widget-heading\" data-id=\"5e3c4eb\" data-element_type=\"widget\" data-widget_type=\"heading.default\">\n\t\t\t\t<div class=\"elementor-widget-container\">\n\t\t\t\t\t<p class=\"elementor-heading-title elementor-size-default\">Real Estate Legislation Consultancy<\/p>\t\t\t\t<\/div>\n\t\t\t\t<\/div>\n\t\t\t\t\t<\/div>\n\t\t<\/div>\n\t\t\t\t\t<\/div>\n\t\t<\/section>\n\t\t\t\t<section class=\"elementor-section elementor-top-section elementor-element elementor-element-3bd01cd elementor-section-boxed elementor-section-height-default elementor-section-height-default\" data-id=\"3bd01cd\" data-element_type=\"section\" data-settings=\"{&quot;_ha_eqh_enable&quot;:false}\">\n\t\t\t\t\t\t<div class=\"elementor-container elementor-column-gap-default\">\n\t\t\t\t\t<div class=\"elementor-column elementor-col-100 elementor-top-column elementor-element elementor-element-f2e0dde\" data-id=\"f2e0dde\" data-element_type=\"column\">\n\t\t\t<div class=\"elementor-widget-wrap elementor-element-populated\">\n\t\t\t\t\t\t<div class=\"elementor-element elementor-element-4658b31 elementor-widget elementor-widget-image\" data-id=\"4658b31\" data-element_type=\"widget\" data-widget_type=\"image.default\">\n\t\t\t\t<div class=\"elementor-widget-container\">\n\t\t\t\t\t\t\t\t\t\t\t\t\t\t\t<img fetchpriority=\"high\" decoding=\"async\" width=\"500\" height=\"334\" src=\"https:\/\/ekolgd.com.tr\/wp-content\/uploads\/2022\/08\/gayrimenkul-danismanligi-1.jpg\" class=\"attachment-full size-full wp-image-2312\" alt=\"\" srcset=\"https:\/\/ekolgd.com.tr\/wp-content\/uploads\/2022\/08\/gayrimenkul-danismanligi-1.jpg 500w, https:\/\/ekolgd.com.tr\/wp-content\/uploads\/2022\/08\/gayrimenkul-danismanligi-1-300x200.jpg 300w\" sizes=\"(max-width: 500px) 100vw, 500px\" \/>\t\t\t\t\t\t\t\t\t\t\t\t\t\t\t<\/div>\n\t\t\t\t<\/div>\n\t\t\t\t<div class=\"elementor-element elementor-element-c43b218 elementor-widget elementor-widget-heading\" data-id=\"c43b218\" data-element_type=\"widget\" data-widget_type=\"heading.default\">\n\t\t\t\t<div class=\"elementor-widget-container\">\n\t\t\t\t\t<h1 class=\"elementor-heading-title elementor-size-default\">Real Estate Legislation Consultancy<\/h1>\t\t\t\t<\/div>\n\t\t\t\t<\/div>\n\t\t\t\t<div class=\"elementor-element elementor-element-8e6dff6 elementor-widget elementor-widget-text-editor\" data-id=\"8e6dff6\" data-element_type=\"widget\" data-widget_type=\"text-editor.default\">\n\t\t\t\t<div class=\"elementor-widget-container\">\n\t\t\t\t\t\t\t\t\tReal estate legislation is associated with a great number of legislations. Ekol Gayrimenkul De\u011ferleme ve Dan\u0131\u015fmanl\u0131k A.\u015e. provides consultancy services on all issues related to real estate legislation by its professional knowledge, experiences obtained from the market and its partners. It provides accurate, current, analytical consultancy services due to experts who are in the position of cognoscenti of the sector in this regard and who have experienced the academicianship and pragmatism.\t\t\t\t\t\t\t\t<\/div>\n\t\t\t\t<\/div>\n\t\t\t\t<div class=\"elementor-element elementor-element-cd0adb0 elementor-widget elementor-widget-heading\" data-id=\"cd0adb0\" data-element_type=\"widget\" data-widget_type=\"heading.default\">\n\t\t\t\t<div class=\"elementor-widget-container\">\n\t\t\t\t\t<h2 class=\"elementor-heading-title elementor-size-default\">THESE ARE SOME OF THE SERVICES;<\/h2>\t\t\t\t<\/div>\n\t\t\t\t<\/div>\n\t\t\t\t<div class=\"elementor-element elementor-element-7ac3707 elementor-widget elementor-widget-text-editor\" data-id=\"7ac3707\" data-element_type=\"widget\" data-widget_type=\"text-editor.default\">\n\t\t\t\t<div class=\"elementor-widget-container\">\n\t\t\t\t\t\t\t\t\tInvestigation of property rights and consultancy on these rights,\r\nConsultancy on land registration processes,\r\nInvestigation of all real rights and consultancy on these rights,\r\nLimited real rights and consultancy on these rights,\r\nConsultancy on zoning regulations,\r\nConsultancy on building inspection, housing, cadastral information,\r\nConsultancy on law of inheritance,\r\nConsultancy on cooperatives,\r\nLegal consultancy on rental of real estates,\r\nConsultancy on the status of real estates registered in assets of the company in cases of merger, transfer, liquidation, bankruptcy, concordatum, leaving partnership etc. in companies,\r\nConsultancy on the status of the real estate against legislation in cases of privatization, expropriation &#8230; etc.,\r\nConsultancy on the statuses of real estate, real estate projects and real estate-based rights and benefits with machinery and equipments against various legal provisions,\r\nConsultancy on being informed about the changing legislation provisions by various means.\r\n\t\t\t\t\t\t\t\t<\/div>\n\t\t\t\t<\/div>\n\t\t\t\t\t<\/div>\n\t\t<\/div>\n\t\t\t\t\t<\/div>\n\t\t<\/section>\n\t\t\t\t<\/div>\n\t\t","protected":false},"excerpt":{"rendered":"<p>Real Estate Legislation Consultancy Real Estate Legislation Consultancy Real estate legislation is associated with a great number of legislations. Ekol Gayrimenkul De\u011ferleme ve Dan\u0131\u015fmanl\u0131k A.\u015e. provides consultancy services on all issues related to real estate legislation by its professional knowledge, experiences obtained from the market and its partners. It provides accurate, current, analytical consultancy services [&hellip;]<\/p>\n","protected":false},"author":1,"featured_media":0,"parent":0,"menu_order":0,"comment_status":"closed","ping_status":"closed","template":"elementor_header_footer","meta":{"_acf_changed":false,"footnotes":""},"class_list":["post-4162","page","type-page","status-publish","hentry"],"acf":[],"_links":{"self":[{"href":"https:\/\/ekolgd.com.tr\/en\/wp-json\/wp\/v2\/pages\/4162","targetHints":{"allow":["GET"]}}],"collection":[{"href":"https:\/\/ekolgd.com.tr\/en\/wp-json\/wp\/v2\/pages"}],"about":[{"href":"https:\/\/ekolgd.com.tr\/en\/wp-json\/wp\/v2\/types\/page"}],"author":[{"embeddable":true,"href":"https:\/\/ekolgd.com.tr\/en\/wp-json\/wp\/v2\/users\/1"}],"replies":[{"embeddable":true,"href":"https:\/\/ekolgd.com.tr\/en\/wp-json\/wp\/v2\/comments?post=4162"}],"version-history":[{"count":0,"href":"https:\/\/ekolgd.com.tr\/en\/wp-json\/wp\/v2\/pages\/4162\/revisions"}],"wp:attachment":[{"href":"https:\/\/ekolgd.com.tr\/en\/wp-json\/wp\/v2\/media?parent=4162"}],"curies":[{"name":"wp","href":"https:\/\/api.w.org\/{rel}","templated":true}]}}