{"id":4159,"date":"2022-01-05T17:09:55","date_gmt":"2022-01-05T17:09:55","guid":{"rendered":"https:\/\/ekolgd.com.tr\/legal-and-financial-consultancy-on-real-estate\/"},"modified":"2022-09-02T21:39:10","modified_gmt":"2022-09-02T21:39:10","slug":"legal-and-financial-consultancy-on-real-estate","status":"publish","type":"page","link":"https:\/\/ekolgd.com.tr\/en\/legal-and-financial-consultancy-on-real-estate\/","title":{"rendered":"Legal and Financial Consultancy on Real Estate"},"content":{"rendered":"\t\t<div data-elementor-type=\"wp-page\" data-elementor-id=\"4159\" class=\"elementor elementor-4159 elementor-541\" data-elementor-settings=\"{&quot;ha_cmc_init_switcher&quot;:&quot;no&quot;}\">\n\t\t\t\t\t\t<section class=\"elementor-section elementor-top-section elementor-element elementor-element-1903a25 elementor-section-height-min-height elementor-section-boxed elementor-section-height-default elementor-section-items-middle\" data-id=\"1903a25\" data-element_type=\"section\" data-settings=\"{&quot;background_background&quot;:&quot;classic&quot;,&quot;_ha_eqh_enable&quot;:false}\">\n\t\t\t\t\t\t\t<div class=\"elementor-background-overlay\"><\/div>\n\t\t\t\t\t\t\t<div class=\"elementor-container elementor-column-gap-default\">\n\t\t\t\t\t<div class=\"elementor-column elementor-col-100 elementor-top-column elementor-element elementor-element-28ddaa8\" data-id=\"28ddaa8\" data-element_type=\"column\">\n\t\t\t<div class=\"elementor-widget-wrap elementor-element-populated\">\n\t\t\t\t\t\t<div class=\"elementor-element elementor-element-dea12bd elementor-widget elementor-widget-heading\" data-id=\"dea12bd\" data-element_type=\"widget\" data-widget_type=\"heading.default\">\n\t\t\t\t<div class=\"elementor-widget-container\">\n\t\t\t\t\t<p class=\"elementor-heading-title elementor-size-default\">Legal and Financial Consultancy on Real Estate<\/p>\t\t\t\t<\/div>\n\t\t\t\t<\/div>\n\t\t\t\t\t<\/div>\n\t\t<\/div>\n\t\t\t\t\t<\/div>\n\t\t<\/section>\n\t\t\t\t<section class=\"elementor-section elementor-top-section elementor-element elementor-element-1eb0bde elementor-section-boxed elementor-section-height-default elementor-section-height-default\" data-id=\"1eb0bde\" data-element_type=\"section\" data-settings=\"{&quot;_ha_eqh_enable&quot;:false}\">\n\t\t\t\t\t\t<div class=\"elementor-container elementor-column-gap-default\">\n\t\t\t\t\t<div class=\"elementor-column elementor-col-100 elementor-top-column elementor-element elementor-element-019876d\" data-id=\"019876d\" data-element_type=\"column\">\n\t\t\t<div class=\"elementor-widget-wrap elementor-element-populated\">\n\t\t\t\t\t\t<div class=\"elementor-element elementor-element-0d1e242 elementor-widget elementor-widget-image\" data-id=\"0d1e242\" data-element_type=\"widget\" data-widget_type=\"image.default\">\n\t\t\t\t<div class=\"elementor-widget-container\">\n\t\t\t\t\t\t\t\t\t\t\t\t\t\t\t<img fetchpriority=\"high\" decoding=\"async\" width=\"500\" height=\"222\" src=\"https:\/\/ekolgd.com.tr\/wp-content\/uploads\/2022\/08\/mali-ve-hukuksal-danismanlik-1.jpg\" class=\"attachment-full size-full wp-image-2322\" alt=\"\" srcset=\"https:\/\/ekolgd.com.tr\/wp-content\/uploads\/2022\/08\/mali-ve-hukuksal-danismanlik-1.jpg 500w, https:\/\/ekolgd.com.tr\/wp-content\/uploads\/2022\/08\/mali-ve-hukuksal-danismanlik-1-300x133.jpg 300w\" sizes=\"(max-width: 500px) 100vw, 500px\" \/>\t\t\t\t\t\t\t\t\t\t\t\t\t\t\t<\/div>\n\t\t\t\t<\/div>\n\t\t\t\t<div class=\"elementor-element elementor-element-b50329a elementor-widget elementor-widget-heading\" data-id=\"b50329a\" data-element_type=\"widget\" data-widget_type=\"heading.default\">\n\t\t\t\t<div class=\"elementor-widget-container\">\n\t\t\t\t\t<h1 class=\"elementor-heading-title elementor-size-default\">Legal and Financial Consultancy on Real Estate<\/h1>\t\t\t\t<\/div>\n\t\t\t\t<\/div>\n\t\t\t\t<div class=\"elementor-element elementor-element-842089a elementor-widget elementor-widget-text-editor\" data-id=\"842089a\" data-element_type=\"widget\" data-widget_type=\"text-editor.default\">\n\t\t\t\t<div class=\"elementor-widget-container\">\n\t\t\t\t\t\t\t\t\tThe contents of consultancy services, Ekol Gayrimenkul De\u011ferleme ve Dan\u0131\u015fmanl\u0131k A\u015e provides by its partners and staff with their experience, specialty and partners, about machines and equipments with real estate, real estate projects and real estate based rights and benefits, are below.\r\n\r\nLegal consultancy; provides consultancy services such as, being a side on disagreements, defending rights or explanation of rights.\r\n\r\nFinancial consultancy; ; provides consultancy services on purchasing, conservation, operating, renting, using, sales, donation, exchange and inheritance of real estates, machines and equipments.\t\t\t\t\t\t\t\t<\/div>\n\t\t\t\t<\/div>\n\t\t\t\t\t<\/div>\n\t\t<\/div>\n\t\t\t\t\t<\/div>\n\t\t<\/section>\n\t\t\t\t<\/div>\n\t\t","protected":false},"excerpt":{"rendered":"<p>Legal and Financial Consultancy on Real Estate Legal and Financial Consultancy on Real Estate The contents of consultancy services, Ekol Gayrimenkul De\u011ferleme ve Dan\u0131\u015fmanl\u0131k A\u015e provides by its partners and staff with their experience, specialty and partners, about machines and equipments with real estate, real estate projects and real estate based rights and benefits, are [&hellip;]<\/p>\n","protected":false},"author":1,"featured_media":0,"parent":0,"menu_order":0,"comment_status":"closed","ping_status":"closed","template":"elementor_header_footer","meta":{"_acf_changed":false,"footnotes":""},"class_list":["post-4159","page","type-page","status-publish","hentry"],"acf":[],"_links":{"self":[{"href":"https:\/\/ekolgd.com.tr\/en\/wp-json\/wp\/v2\/pages\/4159","targetHints":{"allow":["GET"]}}],"collection":[{"href":"https:\/\/ekolgd.com.tr\/en\/wp-json\/wp\/v2\/pages"}],"about":[{"href":"https:\/\/ekolgd.com.tr\/en\/wp-json\/wp\/v2\/types\/page"}],"author":[{"embeddable":true,"href":"https:\/\/ekolgd.com.tr\/en\/wp-json\/wp\/v2\/users\/1"}],"replies":[{"embeddable":true,"href":"https:\/\/ekolgd.com.tr\/en\/wp-json\/wp\/v2\/comments?post=4159"}],"version-history":[{"count":0,"href":"https:\/\/ekolgd.com.tr\/en\/wp-json\/wp\/v2\/pages\/4159\/revisions"}],"wp:attachment":[{"href":"https:\/\/ekolgd.com.tr\/en\/wp-json\/wp\/v2\/media?parent=4159"}],"curies":[{"name":"wp","href":"https:\/\/api.w.org\/{rel}","templated":true}]}}