{"id":4135,"date":"2022-01-05T16:46:31","date_gmt":"2022-01-05T16:46:31","guid":{"rendered":"https:\/\/ekolgd.com.tr\/most-effective-and-efficient-use-analysis\/"},"modified":"2022-09-02T21:38:55","modified_gmt":"2022-09-02T21:38:55","slug":"most-effective-and-efficient-use-analysis","status":"publish","type":"page","link":"https:\/\/ekolgd.com.tr\/en\/most-effective-and-efficient-use-analysis\/","title":{"rendered":"Most Effective And Efficient Use Analysis"},"content":{"rendered":"\t\t<div data-elementor-type=\"wp-page\" data-elementor-id=\"4135\" class=\"elementor elementor-4135 elementor-521\" data-elementor-settings=\"{&quot;ha_cmc_init_switcher&quot;:&quot;no&quot;}\">\n\t\t\t\t\t\t<section class=\"elementor-section elementor-top-section elementor-element elementor-element-b2f5acb elementor-section-height-min-height elementor-section-boxed elementor-section-height-default elementor-section-items-middle\" data-id=\"b2f5acb\" data-element_type=\"section\" data-settings=\"{&quot;background_background&quot;:&quot;classic&quot;,&quot;_ha_eqh_enable&quot;:false}\">\n\t\t\t\t\t\t\t<div class=\"elementor-background-overlay\"><\/div>\n\t\t\t\t\t\t\t<div class=\"elementor-container elementor-column-gap-default\">\n\t\t\t\t\t<div class=\"elementor-column elementor-col-100 elementor-top-column elementor-element elementor-element-b9bf0bd\" data-id=\"b9bf0bd\" data-element_type=\"column\">\n\t\t\t<div class=\"elementor-widget-wrap elementor-element-populated\">\n\t\t\t\t\t\t<div class=\"elementor-element elementor-element-94c0773 elementor-widget elementor-widget-heading\" data-id=\"94c0773\" data-element_type=\"widget\" data-widget_type=\"heading.default\">\n\t\t\t\t<div class=\"elementor-widget-container\">\n\t\t\t\t\t<p class=\"elementor-heading-title elementor-size-default\">Most Effective And Efficient Use Analysis<\/p>\t\t\t\t<\/div>\n\t\t\t\t<\/div>\n\t\t\t\t\t<\/div>\n\t\t<\/div>\n\t\t\t\t\t<\/div>\n\t\t<\/section>\n\t\t\t\t<section class=\"elementor-section elementor-top-section elementor-element elementor-element-f6c1b12 elementor-section-boxed elementor-section-height-default elementor-section-height-default\" data-id=\"f6c1b12\" data-element_type=\"section\" data-settings=\"{&quot;_ha_eqh_enable&quot;:false}\">\n\t\t\t\t\t\t<div class=\"elementor-container elementor-column-gap-default\">\n\t\t\t\t\t<div class=\"elementor-column elementor-col-100 elementor-top-column elementor-element elementor-element-616857c\" data-id=\"616857c\" data-element_type=\"column\">\n\t\t\t<div class=\"elementor-widget-wrap elementor-element-populated\">\n\t\t\t\t\t\t<div class=\"elementor-element elementor-element-5ff0639 elementor-widget elementor-widget-image\" data-id=\"5ff0639\" data-element_type=\"widget\" data-widget_type=\"image.default\">\n\t\t\t\t<div class=\"elementor-widget-container\">\n\t\t\t\t\t\t\t\t\t\t\t\t\t\t\t<img fetchpriority=\"high\" decoding=\"async\" width=\"500\" height=\"299\" src=\"https:\/\/ekolgd.com.tr\/wp-content\/uploads\/2022\/08\/en-etkin-ve-verimli-kullanim-analizi-1.jpg\" class=\"attachment-full size-full wp-image-2311\" alt=\"\" srcset=\"https:\/\/ekolgd.com.tr\/wp-content\/uploads\/2022\/08\/en-etkin-ve-verimli-kullanim-analizi-1.jpg 500w, https:\/\/ekolgd.com.tr\/wp-content\/uploads\/2022\/08\/en-etkin-ve-verimli-kullanim-analizi-1-300x179.jpg 300w\" sizes=\"(max-width: 500px) 100vw, 500px\" \/>\t\t\t\t\t\t\t\t\t\t\t\t\t\t\t<\/div>\n\t\t\t\t<\/div>\n\t\t\t\t<div class=\"elementor-element elementor-element-3fd4005 elementor-widget elementor-widget-heading\" data-id=\"3fd4005\" data-element_type=\"widget\" data-widget_type=\"heading.default\">\n\t\t\t\t<div class=\"elementor-widget-container\">\n\t\t\t\t\t<h1 class=\"elementor-heading-title elementor-size-default\">Most Effective And Efficient Use Analysis<\/h1>\t\t\t\t<\/div>\n\t\t\t\t<\/div>\n\t\t\t\t<div class=\"elementor-element elementor-element-c65dfc3 elementor-widget elementor-widget-text-editor\" data-id=\"c65dfc3\" data-element_type=\"widget\" data-widget_type=\"text-editor.default\">\n\t\t\t\t<div class=\"elementor-widget-container\">\n\t\t\t\t\t\t\t\t\tA LAND OR CONSTRUCTION\u2019S;\r\nTo the extent permitted by the Laws ,\r\nAimed at the most accurate Necessity determined in the Regional Market,\r\nBy undergoing to the optimum physical change,\r\nWith the most feasible expenses economically\r\nIs the total of reporting and analysis transactions which aims to provide the most income\r\nAs it is understood from the definition, the most efficient and effective use Analysis is not an act but a financial analysis towards the subject property and an economical and legal research. It is possible to make multiple analysis\u2019 providing the most efficient and effective usage about a property.\r\n\r\nThis subject requires, within the correct reasoning, an error-free calculation with correct data, correct calculation and valid\/reasonable predictions, a good market study, a good comprehension of area in terms of structural, accurate sectoral and economical predictions aimed to the future. This analysis is dynamical analysis, not statical. They need to be calculated correctly, completely and extremely instinctively. This analysis has a large responsibility. By the results of the analysis you\u2019ll make using your expertness and wisdom, investors will decide and expend serious amounts.\r\n\r\nEkol Gayrimenkul De\u011ferleme ve Dan\u0131\u015fmanl\u0131k A\u015e provides this service to customers who are willing to benefit from its wisdom, market and professional knowledge with this consciousness of responsibility using the very last methods and reporting techniques.\t\t\t\t\t\t\t\t<\/div>\n\t\t\t\t<\/div>\n\t\t\t\t\t<\/div>\n\t\t<\/div>\n\t\t\t\t\t<\/div>\n\t\t<\/section>\n\t\t\t\t<\/div>\n\t\t","protected":false},"excerpt":{"rendered":"<p>Most Effective And Efficient Use Analysis Most Effective And Efficient Use Analysis A LAND OR CONSTRUCTION\u2019S; To the extent permitted by the Laws , Aimed at the most accurate Necessity determined in the Regional Market, By undergoing to the optimum physical change, With the most feasible expenses economically Is the total of reporting and analysis [&hellip;]<\/p>\n","protected":false},"author":1,"featured_media":0,"parent":0,"menu_order":0,"comment_status":"closed","ping_status":"closed","template":"elementor_header_footer","meta":{"_acf_changed":false,"footnotes":""},"class_list":["post-4135","page","type-page","status-publish","hentry"],"acf":[],"_links":{"self":[{"href":"https:\/\/ekolgd.com.tr\/en\/wp-json\/wp\/v2\/pages\/4135","targetHints":{"allow":["GET"]}}],"collection":[{"href":"https:\/\/ekolgd.com.tr\/en\/wp-json\/wp\/v2\/pages"}],"about":[{"href":"https:\/\/ekolgd.com.tr\/en\/wp-json\/wp\/v2\/types\/page"}],"author":[{"embeddable":true,"href":"https:\/\/ekolgd.com.tr\/en\/wp-json\/wp\/v2\/users\/1"}],"replies":[{"embeddable":true,"href":"https:\/\/ekolgd.com.tr\/en\/wp-json\/wp\/v2\/comments?post=4135"}],"version-history":[{"count":0,"href":"https:\/\/ekolgd.com.tr\/en\/wp-json\/wp\/v2\/pages\/4135\/revisions"}],"wp:attachment":[{"href":"https:\/\/ekolgd.com.tr\/en\/wp-json\/wp\/v2\/media?parent=4135"}],"curies":[{"name":"wp","href":"https:\/\/api.w.org\/{rel}","templated":true}]}}