{"id":4103,"date":"2022-01-14T00:55:46","date_gmt":"2022-01-14T00:55:46","guid":{"rendered":"https:\/\/ekolgd.com.tr\/davut-cuneyt-ozrifaioglu\/"},"modified":"2022-09-02T18:08:58","modified_gmt":"2022-09-02T18:08:58","slug":"davut-cuneyt-ozrifaioglu","status":"publish","type":"page","link":"https:\/\/ekolgd.com.tr\/en\/davut-cuneyt-ozrifaioglu\/","title":{"rendered":"Davut C\u00fcneyt \u00d6zrifaio\u011flu"},"content":{"rendered":"\t\t<div data-elementor-type=\"wp-page\" data-elementor-id=\"4103\" class=\"elementor elementor-4103 elementor-1458\" data-elementor-settings=\"{&quot;ha_cmc_init_switcher&quot;:&quot;no&quot;}\">\n\t\t\t\t\t\t<section class=\"elementor-section elementor-top-section elementor-element elementor-element-1b8d157 elementor-section-height-min-height elementor-section-boxed elementor-section-height-default elementor-section-items-middle\" data-id=\"1b8d157\" data-element_type=\"section\" data-settings=\"{&quot;background_background&quot;:&quot;classic&quot;,&quot;_ha_eqh_enable&quot;:false}\">\n\t\t\t\t\t\t\t<div class=\"elementor-background-overlay\"><\/div>\n\t\t\t\t\t\t\t<div class=\"elementor-container elementor-column-gap-default\">\n\t\t\t\t\t<div class=\"elementor-column elementor-col-100 elementor-top-column elementor-element elementor-element-6b82cb6\" data-id=\"6b82cb6\" data-element_type=\"column\">\n\t\t\t<div class=\"elementor-widget-wrap elementor-element-populated\">\n\t\t\t\t\t\t<div class=\"elementor-element elementor-element-d309094 elementor-widget elementor-widget-heading\" data-id=\"d309094\" data-element_type=\"widget\" data-widget_type=\"heading.default\">\n\t\t\t\t<div class=\"elementor-widget-container\">\n\t\t\t\t\t<p class=\"elementor-heading-title elementor-size-default\">DAVUT C\u00dcNEYT \u00d6ZR\u0130FA\u0130O\u011eLU<\/p>\t\t\t\t<\/div>\n\t\t\t\t<\/div>\n\t\t\t\t\t<\/div>\n\t\t<\/div>\n\t\t\t\t\t<\/div>\n\t\t<\/section>\n\t\t\t\t<section class=\"elementor-section elementor-top-section elementor-element elementor-element-9715a06 elementor-section-boxed elementor-section-height-default elementor-section-height-default\" data-id=\"9715a06\" data-element_type=\"section\" data-settings=\"{&quot;_ha_eqh_enable&quot;:false}\">\n\t\t\t\t\t\t<div class=\"elementor-container elementor-column-gap-default\">\n\t\t\t\t\t<div class=\"elementor-column elementor-col-100 elementor-top-column elementor-element elementor-element-918200e\" data-id=\"918200e\" data-element_type=\"column\">\n\t\t\t<div class=\"elementor-widget-wrap elementor-element-populated\">\n\t\t\t\t\t\t<section class=\"elementor-section elementor-inner-section elementor-element elementor-element-65ed72c elementor-section-boxed elementor-section-height-default elementor-section-height-default\" data-id=\"65ed72c\" data-element_type=\"section\" data-settings=\"{&quot;_ha_eqh_enable&quot;:false}\">\n\t\t\t\t\t\t<div class=\"elementor-container elementor-column-gap-default\">\n\t\t\t\t\t<div class=\"elementor-column elementor-col-50 elementor-inner-column elementor-element elementor-element-b586788\" data-id=\"b586788\" data-element_type=\"column\">\n\t\t\t<div class=\"elementor-widget-wrap elementor-element-populated\">\n\t\t\t\t\t\t<div class=\"elementor-element elementor-element-1f4fdb9 ha-has-bg-overlay elementor-widget elementor-widget-ha-member happy-addon ha-member\" data-id=\"1f4fdb9\" data-element_type=\"widget\" data-widget_type=\"ha-member.default\">\n\t\t\t\t<div class=\"elementor-widget-container\">\n\t\t\t\t\t\n\t\t\t\t\t<figure class=\"ha-member-figure\">\n\t\t\t\t<img fetchpriority=\"high\" decoding=\"async\" width=\"300\" height=\"300\" src=\"https:\/\/ekolgd.com.tr\/wp-content\/uploads\/2022\/01\/davut-cuneyt-ozrifaioglu-fotograf.jpg\" class=\"elementor-animation-disable-animation attachment-large size-large wp-image-332\" alt=\"\" srcset=\"https:\/\/ekolgd.com.tr\/wp-content\/uploads\/2022\/01\/davut-cuneyt-ozrifaioglu-fotograf.jpg 300w, https:\/\/ekolgd.com.tr\/wp-content\/uploads\/2022\/01\/davut-cuneyt-ozrifaioglu-fotograf-150x150.jpg 150w\" sizes=\"(max-width: 300px) 100vw, 300px\" \/>\t\t\t<\/figure>\n\t\t\n\t\t<div class=\"ha-member-body\">\n\t\t\t<h2 class=\"ha-member-name\">Davut C\u00fcneyt \u00d6zrifaio\u011flu<\/h2>\n\t\t\t\t\t\t\t<div class=\"ha-member-position\">Vice Chairman of the Board<\/div>\n\t\t\t\n\t\t\t\n\t\t\t\n\t\t\t\n\t\t\t\t\t<\/div>\n\t\t\t\t\t\t<\/div>\n\t\t\t\t<\/div>\n\t\t\t\t\t<\/div>\n\t\t<\/div>\n\t\t\t\t<div class=\"elementor-column elementor-col-50 elementor-inner-column elementor-element elementor-element-5af59be\" data-id=\"5af59be\" data-element_type=\"column\">\n\t\t\t<div class=\"elementor-widget-wrap elementor-element-populated\">\n\t\t\t\t\t\t<div class=\"elementor-element elementor-element-386b28f elementor-widget elementor-widget-text-editor\" data-id=\"386b28f\" data-element_type=\"widget\" data-widget_type=\"text-editor.default\">\n\t\t\t\t<div class=\"elementor-widget-container\">\n\t\t\t\t\t\t\t\t\tHe was born in \u0130stanbul on 09.08.1971. He graduated from the department of Civil engineering in Y\u0131ld\u0131z Technical University Faculty of Civil Engineering. After his military service, he began his career as a Real Estate Expert in 1995 in T. Vak\u0131flar Bankas\u0131 T.A.O. Istanbul Regional Office Construction and Real Estate Directorate. He has continued his career as Appraiser \/ Technical Manager in \u0130stanbul Region with the establishment of Vak\u0131f Gayrimenkul Ekspertiz ve De\u011ferlendirme A.\u015e. in 1996, and immediately after, as a Founding Member and Board Member in Ekol Gayrimenkul De\u011ferleme ve Dan\u0131\u015fmanl\u0131k A.\u015e. in 03.12.2004.\r\n\r\nHe performed quite a large number of adjustments and controls of valuation reports for various private and legal institutions and organizations as he was in the valuation list of CMB. He has the Certificate of Real Estate Appraiser. He has Marmara University Import-Export Certificate and Marmara University MS Office Certificate, and he knows English. \u00d6zrifaio\u011flu is the member of TMMOB Chamber of Civil Engineers and Union of Appraisers, and Active Member of Association of Appraisers.\t\t\t\t\t\t\t\t<\/div>\n\t\t\t\t<\/div>\n\t\t\t\t\t<\/div>\n\t\t<\/div>\n\t\t\t\t\t<\/div>\n\t\t<\/section>\n\t\t\t\t\t<\/div>\n\t\t<\/div>\n\t\t\t\t\t<\/div>\n\t\t<\/section>\n\t\t\t\t<\/div>\n\t\t","protected":false},"excerpt":{"rendered":"<p>DAVUT C\u00dcNEYT \u00d6ZR\u0130FA\u0130O\u011eLU Davut C\u00fcneyt \u00d6zrifaio\u011flu Vice Chairman of the Board He was born in \u0130stanbul on 09.08.1971. He graduated from the department of Civil engineering in Y\u0131ld\u0131z Technical University Faculty of Civil Engineering. After his military service, he began his career as a Real Estate Expert in 1995 in T. Vak\u0131flar Bankas\u0131 T.A.O. Istanbul [&hellip;]<\/p>\n","protected":false},"author":1,"featured_media":0,"parent":0,"menu_order":0,"comment_status":"closed","ping_status":"closed","template":"elementor_header_footer","meta":{"_acf_changed":false,"footnotes":""},"class_list":["post-4103","page","type-page","status-publish","hentry"],"acf":[],"_links":{"self":[{"href":"https:\/\/ekolgd.com.tr\/en\/wp-json\/wp\/v2\/pages\/4103","targetHints":{"allow":["GET"]}}],"collection":[{"href":"https:\/\/ekolgd.com.tr\/en\/wp-json\/wp\/v2\/pages"}],"about":[{"href":"https:\/\/ekolgd.com.tr\/en\/wp-json\/wp\/v2\/types\/page"}],"author":[{"embeddable":true,"href":"https:\/\/ekolgd.com.tr\/en\/wp-json\/wp\/v2\/users\/1"}],"replies":[{"embeddable":true,"href":"https:\/\/ekolgd.com.tr\/en\/wp-json\/wp\/v2\/comments?post=4103"}],"version-history":[{"count":0,"href":"https:\/\/ekolgd.com.tr\/en\/wp-json\/wp\/v2\/pages\/4103\/revisions"}],"wp:attachment":[{"href":"https:\/\/ekolgd.com.tr\/en\/wp-json\/wp\/v2\/media?parent=4103"}],"curies":[{"name":"wp","href":"https:\/\/api.w.org\/{rel}","templated":true}]}}